{"id":90,"date":"2023-10-30T10:43:55","date_gmt":"2023-10-30T09:43:55","guid":{"rendered":"https:\/\/server971439.nazwa.pl\/wordpress\/wpn_kancelariaMabo\/?page_id=90"},"modified":"2024-01-24T18:02:19","modified_gmt":"2024-01-24T17:02:19","slug":"mediator","status":"publish","type":"page","link":"https:\/\/kancelariamabo.pl\/?page_id=90","title":{"rendered":"Mediator"},"content":{"rendered":"\n    \n    <section class=\"u-align-center u-clearfix u-image u-section-2\" id=\"sec-67f7\" data-image-width=\"900\" data-image-height=\"600\" style=\"background-image: url(&quot;https:\/\/kancelariamabo.pl\/wp-content\/uploads\/2023\/10\/assembling-puzzle_1098-16469.jpg&quot;);\">\n      <div class=\"u-clearfix u-sheet u-sheet-1\"><\/div>\n    <\/section>\n    <section class=\"u-clearfix u-palette-3-base u-section-3\" id=\"carousel_d1ef\">\n      <div class=\"u-clearfix u-sheet u-valign-middle-lg u-valign-middle-md u-valign-middle-xl u-sheet-1\">\n        <div class=\"data-layout-selected u-clearfix u-expanded-width u-layout-wrap u-layout-wrap-1\">\n          <div class=\"u-layout\">\n            <div class=\"u-layout-row\">\n              <div class=\"u-align-left u-container-style u-layout-cell u-left-cell u-size-33-md u-size-33-sm u-size-33-xs u-size-43-lg u-size-43-xl u-layout-cell-1\">\n                <div class=\"u-container-layout u-container-layout-1\">\n                  <h2 class=\"u-align-center-sm u-align-center-xs u-custom-font u-font-montserrat u-text u-text-white u-text-1\"> Nasza kancelaria to tak\u017ce us\u0142ugi mediacyjne wykonywane przez\nzawodowego mediatora wpisanego na list\u0119 sta\u0142ych  Mediator\u00f3w S\u0105du\nOkr\u0119gowego w Katowicach<b> prowadzon\u0105 na podstawie art<\/b><b>.\n157 d \u00a7 1 USTAWY Z DNIA 27.07.2001 r. PRAWO O USTROJU S\u0104D\u00d3W\nPOWSZECHNYCH<\/b>\n                  <\/h2>\n                <\/div>\n              <\/div>\n              <div class=\"u-align-right u-container-style u-layout-cell u-right-cell u-similar-fill u-size-17-lg u-size-17-xl u-size-27-md u-size-27-sm u-size-27-xs u-layout-cell-2\">\n                <div class=\"u-container-layout u-valign-middle-md u-valign-top-sm u-valign-top-xs u-container-layout-2\">\n                  <a href=\"tel:+48602223430\" class=\"u-align-center-lg u-align-center-md u-align-center-xl u-align-left-sm u-align-left-xs u-border-active-palette-2-light-2 u-border-hover-palette-2-light-2 u-border-none u-btn u-btn-round u-button-style u-color-scheme-summer-time u-color-style-multicolor-1 u-custom u-grey-90 u-radius-50 u-text-active-palette-3-base u-text-hover-palette-3-base u-btn-1\" data-animation-name=\"\" data-animation-duration=\"0\" data-animation-delay=\"0\" data-animation-direction=\"\">+48 602 223 430<\/a>\n                <\/div>\n              <\/div>\n            <\/div>\n          <\/div>\n        <\/div>\n      <\/div>\n    <\/section>\n    <section class=\"u-clearfix u-grey-75 u-section-4\" id=\"sec-9d03\">\n      <div class=\"u-clearfix u-sheet u-valign-middle-lg u-valign-middle-sm u-sheet-1\">\n        <h2 class=\"u-align-center-sm u-align-center-xs u-align-left-lg u-align-left-md u-align-left-xl u-custom-font u-font-montserrat u-text u-text-default u-text-1\"> Skupiamy si\u0119 na poszukiwaniu rozwi\u0105za\u0144<\/h2>\n        <img decoding=\"async\" class=\"u-image u-image-circle u-image-1\" src=\"https:\/\/kancelariamabo.pl\/wp-content\/uploads\/2023\/09\/b12d2691f7e034199ce334aaad4cfe09bd0d8bd5d2318e6421ea90b68da23fc195fae287f20d68cd11f56f4c7eaf9ecb769a1bafad49004f02b383_1280.jpg\" alt=\"\" data-image-width=\"1280\" data-image-height=\"1280\">\n        <p class=\"u-align-center-xs u-align-left-lg u-align-left-md u-align-left-sm u-align-left-xl u-text u-text-2\"> Mediacja&nbsp;jest\n pozas\u0105dow\u0105 metod\u0105 rozwi\u0105zywania spor\u00f3w.&nbsp;<br>To dobrowolny,\nnieformalny i \u0142agodny proces, w kt\u00f3rym neutralny i bezstronny\nmediator pomaga stronom we w\u0142a\u015bciwej komunikacji oraz osi\u0105gni\u0119ciu\nporozumienia i zawarciu&nbsp;ugody.\nMediacja\nkoncentruje si\u0119 na tym, jakie s\u0105 interesy stron i co ka\u017cda ze\nstron uwa\u017ca za sprawiedliwe. W mediacji wygrywaj\u0105 obie strony\nsporu. Jest ona ta\u0144sza ni\u017c post\u0119powanie s\u0105dowe oraz znacznie\nszybsza.\nMediator&nbsp;jest\nosob\u0105 neutraln\u0105 oraz bezstronn\u0105 i pomaga obu stronom w komunikacji\ni osi\u0105gni\u0119ciu porozumienia. Szanuje ludzi oraz ma respekt dla ich\nspraw i warto\u015bci.\nMediacj\u0119\nmo\u017cna stosowa\u0107 w sprawach cywilnych, karnych oraz nieletnich.\nCo\nwi\u0119cej ugoda podpisana u mediatora mo\u017ce by\u0107 zatwierdzona przez S\u0105d\nPowszechny bez zb\u0119dnego i d\u0142ugiego procesu.\n        <\/p>\n      <\/div>\n    <\/section>\n    <section class=\"u-clearfix u-palette-3-base u-section-5\" id=\"sec-278b\">\n      <div class=\"u-clearfix u-sheet u-valign-middle-md u-valign-middle-sm u-valign-middle-xl u-valign-middle-xs u-sheet-1\">\n        <div class=\"data-layout-selected u-clearfix u-expanded-width u-layout-wrap u-layout-wrap-1\">\n          <div class=\"u-layout\">\n            <div class=\"u-layout-row\">\n              <div class=\"u-align-left u-container-style u-layout-cell u-left-cell u-size-33-md u-size-33-sm u-size-33-xs u-size-43-lg u-size-43-xl u-layout-cell-1\">\n                <div class=\"u-container-layout u-valign-bottom-sm u-valign-bottom-xs u-container-layout-1\">\n                  <h2 class=\"u-align-center-sm u-align-center-xs u-custom-font u-font-montserrat u-text u-text-white u-text-1\"> Pomagamy\nnaszym klientom w rozwi\u0105zywaniu problem\u00f3w&nbsp;<\/h2>\n                <\/div>\n              <\/div>\n              <div class=\"u-align-right u-container-style u-layout-cell u-right-cell u-similar-fill u-size-17-lg u-size-17-xl u-size-27-md u-size-27-sm u-size-27-xs u-layout-cell-2\">\n                <div class=\"u-container-layout u-valign-middle-lg u-valign-middle-md u-valign-top-sm u-valign-top-xs u-container-layout-2\">\n                  <a href=\"tel:+48602223430\" class=\"u-align-center-lg u-align-center-md u-align-center-xl u-align-left-sm u-align-left-xs u-border-active-palette-2-light-2 u-border-hover-palette-2-light-2 u-border-none u-btn u-btn-round u-button-style u-color-scheme-summer-time u-color-style-multicolor-1 u-custom u-grey-90 u-radius-50 u-text-active-palette-3-base u-text-hover-palette-3-base u-btn-1\" data-animation-name=\"\" data-animation-duration=\"0\" data-animation-delay=\"0\" data-animation-direction=\"\">+48 602 223 430<\/a>\n                <\/div>\n              <\/div>\n            <\/div>\n          <\/div>\n        <\/div>\n      <\/div>\n    <\/section>\n    \n    \n    \n  \n","protected":false},"excerpt":{"rendered":"<p>Nasza kancelaria to tak\u017ce us\u0142ugi mediacyjne wykonywane przez zawodowego mediatora wpisanego na list\u0119 sta\u0142ych Mediator\u00f3w S\u0105du Okr\u0119gowego w Katowicach prowadzon\u0105 na podstawie art. 157 d \u00a7 1 USTAWY Z DNIA 27.07.2001 r. PRAWO O USTROJU S\u0104D\u00d3W POWSZECHNYCH +48 602 223 430 Skupiamy si\u0119 na poszukiwaniu rozwi\u0105za\u0144 Mediacja&nbsp;jest pozas\u0105dow\u0105 metod\u0105 rozwi\u0105zywania spor\u00f3w.&nbsp;To dobrowolny, nieformalny i \u0142agodny &hellip; <a href=\"https:\/\/kancelariamabo.pl\/?page_id=90\" class=\"more-link\">Continue reading<span class=\"screen-reader-text\"> &#8222;Mediator&#8221;<\/span><\/a><\/p>\n","protected":false},"author":3,"featured_media":0,"parent":0,"menu_order":0,"comment_status":"closed","ping_status":"closed","template":"","meta":{"footnotes":""},"class_list":["post-90","page","type-page","status-publish","hentry"],"yoast_head":"<!-- This site is optimized with the Yoast SEO plugin v21.8.1 - https:\/\/yoast.com\/wordpress\/plugins\/seo\/ -->\n<title>Mediator - Kancelaria Mabo<\/title>\n<meta name=\"robots\" content=\"index, follow, max-snippet:-1, max-image-preview:large, max-video-preview:-1\" \/>\n<link rel=\"canonical\" href=\"https:\/\/kancelariamabo.pl\/?page_id=90\" \/>\n<meta property=\"og:locale\" content=\"pl_PL\" \/>\n<meta property=\"og:type\" content=\"article\" \/>\n<meta property=\"og:title\" content=\"Mediator - Kancelaria Mabo\" \/>\n<meta property=\"og:description\" content=\"Nasza kancelaria to tak\u017ce us\u0142ugi mediacyjne wykonywane przez zawodowego mediatora wpisanego na list\u0119 sta\u0142ych Mediator\u00f3w S\u0105du Okr\u0119gowego w Katowicach prowadzon\u0105 na podstawie art. 157 d \u00a7 1 USTAWY Z DNIA 27.07.2001 r. PRAWO O USTROJU S\u0104D\u00d3W POWSZECHNYCH +48 602 223 430 Skupiamy si\u0119 na poszukiwaniu rozwi\u0105za\u0144 Mediacja&nbsp;jest pozas\u0105dow\u0105 metod\u0105 rozwi\u0105zywania spor\u00f3w.&nbsp;To dobrowolny, nieformalny i \u0142agodny &hellip; Continue reading &quot;Mediator&quot;\" \/>\n<meta property=\"og:url\" content=\"https:\/\/kancelariamabo.pl\/?page_id=90\" \/>\n<meta property=\"og:site_name\" content=\"Kancelaria Mabo\" \/>\n<meta property=\"article:modified_time\" content=\"2024-01-24T17:02:19+00:00\" \/>\n<meta name=\"twitter:card\" content=\"summary_large_image\" \/>\n<meta name=\"twitter:label1\" content=\"Szacowany czas czytania\" \/>\n\t<meta name=\"twitter:data1\" content=\"2 minuty\" \/>\n<script type=\"application\/ld+json\" class=\"yoast-schema-graph\">{\"@context\":\"https:\/\/schema.org\",\"@graph\":[{\"@type\":\"WebPage\",\"@id\":\"https:\/\/kancelariamabo.pl\/?page_id=90\",\"url\":\"https:\/\/kancelariamabo.pl\/?page_id=90\",\"name\":\"Mediator - Kancelaria Mabo\",\"isPartOf\":{\"@id\":\"https:\/\/kancelariamabo.pl\/#website\"},\"datePublished\":\"2023-10-30T09:43:55+00:00\",\"dateModified\":\"2024-01-24T17:02:19+00:00\",\"breadcrumb\":{\"@id\":\"https:\/\/kancelariamabo.pl\/?page_id=90#breadcrumb\"},\"inLanguage\":\"pl-PL\",\"potentialAction\":[{\"@type\":\"ReadAction\",\"target\":[\"https:\/\/kancelariamabo.pl\/?page_id=90\"]}]},{\"@type\":\"BreadcrumbList\",\"@id\":\"https:\/\/kancelariamabo.pl\/?page_id=90#breadcrumb\",\"itemListElement\":[{\"@type\":\"ListItem\",\"position\":1,\"name\":\"Home\",\"item\":\"https:\/\/kancelariamabo.pl\/\"},{\"@type\":\"ListItem\",\"position\":2,\"name\":\"Mediator\"}]},{\"@type\":\"WebSite\",\"@id\":\"https:\/\/kancelariamabo.pl\/#website\",\"url\":\"https:\/\/kancelariamabo.pl\/\",\"name\":\"Kancelaria Mabo\",\"description\":\"\",\"potentialAction\":[{\"@type\":\"SearchAction\",\"target\":{\"@type\":\"EntryPoint\",\"urlTemplate\":\"https:\/\/kancelariamabo.pl\/?s={search_term_string}\"},\"query-input\":\"required name=search_term_string\"}],\"inLanguage\":\"pl-PL\"}]}<\/script>\n<!-- \/ Yoast SEO plugin. -->","yoast_head_json":{"title":"Mediator - Kancelaria Mabo","robots":{"index":"index","follow":"follow","max-snippet":"max-snippet:-1","max-image-preview":"max-image-preview:large","max-video-preview":"max-video-preview:-1"},"canonical":"https:\/\/kancelariamabo.pl\/?page_id=90","og_locale":"pl_PL","og_type":"article","og_title":"Mediator - Kancelaria Mabo","og_description":"Nasza kancelaria to tak\u017ce us\u0142ugi mediacyjne wykonywane przez zawodowego mediatora wpisanego na list\u0119 sta\u0142ych Mediator\u00f3w S\u0105du Okr\u0119gowego w Katowicach prowadzon\u0105 na podstawie art. 157 d \u00a7 1 USTAWY Z DNIA 27.07.2001 r. PRAWO O USTROJU S\u0104D\u00d3W POWSZECHNYCH +48 602 223 430 Skupiamy si\u0119 na poszukiwaniu rozwi\u0105za\u0144 Mediacja&nbsp;jest pozas\u0105dow\u0105 metod\u0105 rozwi\u0105zywania spor\u00f3w.&nbsp;To dobrowolny, nieformalny i \u0142agodny &hellip; Continue reading \"Mediator\"","og_url":"https:\/\/kancelariamabo.pl\/?page_id=90","og_site_name":"Kancelaria Mabo","article_modified_time":"2024-01-24T17:02:19+00:00","twitter_card":"summary_large_image","twitter_misc":{"Szacowany czas czytania":"2 minuty"},"schema":{"@context":"https:\/\/schema.org","@graph":[{"@type":"WebPage","@id":"https:\/\/kancelariamabo.pl\/?page_id=90","url":"https:\/\/kancelariamabo.pl\/?page_id=90","name":"Mediator - Kancelaria Mabo","isPartOf":{"@id":"https:\/\/kancelariamabo.pl\/#website"},"datePublished":"2023-10-30T09:43:55+00:00","dateModified":"2024-01-24T17:02:19+00:00","breadcrumb":{"@id":"https:\/\/kancelariamabo.pl\/?page_id=90#breadcrumb"},"inLanguage":"pl-PL","potentialAction":[{"@type":"ReadAction","target":["https:\/\/kancelariamabo.pl\/?page_id=90"]}]},{"@type":"BreadcrumbList","@id":"https:\/\/kancelariamabo.pl\/?page_id=90#breadcrumb","itemListElement":[{"@type":"ListItem","position":1,"name":"Home","item":"https:\/\/kancelariamabo.pl\/"},{"@type":"ListItem","position":2,"name":"Mediator"}]},{"@type":"WebSite","@id":"https:\/\/kancelariamabo.pl\/#website","url":"https:\/\/kancelariamabo.pl\/","name":"Kancelaria Mabo","description":"","potentialAction":[{"@type":"SearchAction","target":{"@type":"EntryPoint","urlTemplate":"https:\/\/kancelariamabo.pl\/?s={search_term_string}"},"query-input":"required name=search_term_string"}],"inLanguage":"pl-PL"}]}},"_links":{"self":[{"href":"https:\/\/kancelariamabo.pl\/index.php?rest_route=\/wp\/v2\/pages\/90","targetHints":{"allow":["GET"]}}],"collection":[{"href":"https:\/\/kancelariamabo.pl\/index.php?rest_route=\/wp\/v2\/pages"}],"about":[{"href":"https:\/\/kancelariamabo.pl\/index.php?rest_route=\/wp\/v2\/types\/page"}],"author":[{"embeddable":true,"href":"https:\/\/kancelariamabo.pl\/index.php?rest_route=\/wp\/v2\/users\/3"}],"replies":[{"embeddable":true,"href":"https:\/\/kancelariamabo.pl\/index.php?rest_route=%2Fwp%2Fv2%2Fcomments&post=90"}],"version-history":[{"count":13,"href":"https:\/\/kancelariamabo.pl\/index.php?rest_route=\/wp\/v2\/pages\/90\/revisions"}],"predecessor-version":[{"id":160,"href":"https:\/\/kancelariamabo.pl\/index.php?rest_route=\/wp\/v2\/pages\/90\/revisions\/160"}],"wp:attachment":[{"href":"https:\/\/kancelariamabo.pl\/index.php?rest_route=%2Fwp%2Fv2%2Fmedia&parent=90"}],"curies":[{"name":"wp","href":"https:\/\/api.w.org\/{rel}","templated":true}]}}