{"id":101,"date":"2023-10-30T11:05:28","date_gmt":"2023-10-30T10:05:28","guid":{"rendered":"https:\/\/server971439.nazwa.pl\/wordpress\/wpn_kancelariaMabo\/?page_id=101"},"modified":"2024-01-24T18:11:47","modified_gmt":"2024-01-24T17:11:47","slug":"psycholog","status":"publish","type":"page","link":"https:\/\/kancelariamabo.pl\/?page_id=101","title":{"rendered":"Psycholog"},"content":{"rendered":"\n    \n    <section class=\"u-align-center u-clearfix u-image u-section-2\" id=\"sec-91c8\" data-image-width=\"1280\" data-image-height=\"960\" style=\"background-image: url(&quot;https:\/\/kancelariamabo.pl\/wp-content\/uploads\/2023\/09\/e75dbee4143dc9ef214cbae75bb3fcbf8ea5c475978139f112a33a9d3bcd9e4f80176f004010cc32f15bbedf98d3327103dd4f7d44f58a6e572311_1280.jpg&quot;);\">\n      <div class=\"u-clearfix u-sheet u-sheet-1\"><\/div>\n    <\/section>\n    <section class=\"u-clearfix u-palette-3-base u-section-3\" id=\"carousel_0837\">\n      <div class=\"u-clearfix u-sheet u-valign-middle-xl u-sheet-1\">\n        <div class=\"data-layout-selected u-clearfix u-expanded-width u-layout-wrap u-layout-wrap-1\">\n          <div class=\"u-layout\">\n            <div class=\"u-layout-row\">\n              <div class=\"u-align-left u-container-style u-layout-cell u-left-cell u-size-33-md u-size-33-sm u-size-33-xs u-size-43-lg u-size-43-xl u-layout-cell-1\">\n                <div class=\"u-container-layout u-valign-top-md u-valign-top-sm u-valign-top-xl u-valign-top-xs u-container-layout-1\">\n                  <p class=\"u-text u-text-1\"> Z uwagi na wieloletnia praktyk\u0119 i kontakt z klientami , kt\u00f3rzy cz\u0119sto nie potrafi\u0105 odnale\u017a\u0107 si\u0119 w nowej sytuacji wymagaj\u0105cej pomocy prawnika ( np. rozw\u00f3d, utrata najbli\u017cszego, wypadek, problemy w pracy itp.) jako kancelaria zapewniamy tak\u017ce opiek\u0119 i opini\u0119 psychologa .<\/p>\n                <\/div>\n              <\/div>\n              <div class=\"u-align-right u-container-style u-layout-cell u-right-cell u-similar-fill u-size-17-lg u-size-17-xl u-size-27-md u-size-27-sm u-size-27-xs u-layout-cell-2\">\n                <div class=\"u-container-layout u-container-layout-2\">\n                  <a href=\"tel:+48602223430\" class=\"u-align-center-lg u-align-center-md u-align-center-xl u-align-left-sm u-align-left-xs u-border-active-palette-2-light-2 u-border-hover-palette-2-light-2 u-border-none u-btn u-btn-round u-button-style u-color-scheme-summer-time u-color-style-multicolor-1 u-custom u-grey-90 u-radius-50 u-text-active-palette-3-base u-text-hover-palette-3-base u-btn-1\" data-animation-name=\"\" data-animation-duration=\"0\" data-animation-delay=\"0\" data-animation-direction=\"\">+48 602 223 430<\/a>\n                  <a href=\"mailto:Kancelariamabo@gmail.com\" class=\"u-black u-btn u-btn-round u-button-style u-hover-palette-1-light-1 u-radius-50 u-btn-2\">Kancelariamabo@gmail.com<\/a>\n                <\/div>\n              <\/div>\n            <\/div>\n          <\/div>\n        <\/div>\n      <\/div>\n    <\/section>\n    <section class=\"u-clearfix u-grey-75 u-section-4\" id=\"sec-eaf8\">\n      <div class=\"u-clearfix u-sheet u-sheet-1\">\n        <h2 class=\"u-align-center-xs u-align-left-lg u-align-left-md u-align-left-sm u-align-left-xl u-custom-font u-font-montserrat u-text u-text-default u-text-1\">My jeste\u015bmy po twojej stronie<\/h2>\n        <img decoding=\"async\" class=\"u-align-center-xs u-image u-image-circle u-image-1\" src=\"https:\/\/kancelariamabo.pl\/wp-content\/uploads\/2023\/10\/ec1cb7e021a5c5bc9e3f8b28b31895b9a230341b0532199355cae076ddcce6b3300399affbb71bc263f64e8b222d84f8c800c1b2e252b1c797f7e3_1280-1.jpg\" alt=\"\" data-image-width=\"1280\" data-image-height=\"853\">\n        <p class=\"u-align-left u-text u-text-2\"> Psycholog\nzajmuje si\u0119 stawianiem diagnozy i leczeniem psychologicznym. Stawia\non diagnoz\u0119 na podstawie bardzo szczeg\u00f3\u0142owego wywiadu z pacjentem\ni przeprowadzonych test\u00f3w psychologicznych. Psycholog szuka przyczyn\nproblem\u00f3w dotycz\u0105cych r\u00f3\u017cnych dziedzin \u017cycia cz\u0142owieka i stara\nsi\u0119 je eliminowa\u0107 . Nasz psycholog ma\nbardzo obszern\u0105 wiedz\u0119 dotycz\u0105c\u0105: <br>1. \u200bzachowa\u0144 i proces\u00f3w psychologicznych;&nbsp;<br>2. sposobu funkcjonowania ludzkiej pami\u0119ci,\n\tuczenia si\u0119 i&nbsp; &nbsp; &nbsp;&nbsp;<br>&nbsp; &nbsp; zapami\u0119tywania;<br>3. proces\u00f3w my\u015blowych;\n\t\n\tsposob\u00f3w radzenia sobie ze&nbsp;<a href=\"https:\/\/www.medonet.pl\/zdrowie,stres---przyczyny--objawy--metody-zapobiegania,artykul,1729062.html\" class=\"u-active-none u-border-none u-btn u-button-style u-hover-none u-none u-text-palette-1-base u-btn-1\"><u>stresem<\/u>\n          <\/a>&nbsp;<br>4. zasad spo\u0142ecznych.<br>\n          <br>\n        <\/p>\n        <p class=\"u-align-center-xs u-align-left-lg u-align-left-md u-align-left-sm u-align-left-xl u-text u-text-3\"> Nasz psycholog to tak\u017ce :<br>\n        <\/p>\n        <ul class=\"u-align-left u-text u-text-4\">\n          <li> Poradnictwo\ni wykonanie test\u00f3w psychologicznych;&nbsp;<\/li>\n          <li>Wydawanie za\u015bwiadcze\u0144 i orzecze\u0144\npsychologicznych;&nbsp;<\/li>\n          <li>&nbsp;Rozwi\u0105zywanie problem\u00f3w codziennych, w stylu\nproblem\u00f3w w pracy, spadk\u00f3w nastroju, apatii, problem\u00f3w w zwi\u0105zku,\nrozpoznawaniu osobowo\u015bci itp.<\/li>\n          <li> Wydawanie opinii psychologicznych potrzebnych kancelarii do\nprowadzonych spraw <br>\n          <\/li>\n        <\/ul>\n      <\/div>\n    <\/section>\n    <section class=\"u-clearfix u-palette-3-base u-section-5\" id=\"sec-d4de\">\n      <div class=\"u-clearfix u-sheet u-valign-middle-lg u-valign-middle-xl u-sheet-1\">\n        <div class=\"data-layout-selected u-clearfix u-expanded-width u-layout-wrap u-layout-wrap-1\">\n          <div class=\"u-layout\">\n            <div class=\"u-layout-row\">\n              <div class=\"u-align-left u-container-style u-layout-cell u-left-cell u-size-43 u-layout-cell-1\">\n                <div class=\"u-container-layout u-valign-middle-lg u-valign-middle-xl u-container-layout-1\">\n                  <h2 class=\"u-align-center-sm u-align-center-xs u-custom-font u-font-montserrat u-text u-text-white u-text-1\"> Pomagamy\nnaszym klientom w rozwi\u0105zywaniu problem\u00f3w&nbsp;<\/h2>\n                <\/div>\n              <\/div>\n              <div class=\"u-align-right u-container-style u-layout-cell u-right-cell u-similar-fill u-size-17 u-layout-cell-2\">\n                <div class=\"u-container-layout u-valign-middle-md u-container-layout-2\">\n                  <a href=\"tel:+48602223430\" class=\"u-align-center u-border-active-palette-2-light-2 u-border-hover-palette-2-light-2 u-border-none u-btn u-btn-round u-button-style u-color-scheme-summer-time u-color-style-multicolor-1 u-custom u-grey-90 u-radius-50 u-text-active-palette-3-base u-text-hover-palette-3-base u-btn-1\" data-animation-name=\"\" data-animation-duration=\"0\" data-animation-delay=\"0\" data-animation-direction=\"\">+48 602 223 430<\/a>\n                <\/div>\n              <\/div>\n            <\/div>\n          <\/div>\n        <\/div>\n      <\/div>\n    <\/section>\n    \n    \n    \n  \n","protected":false},"excerpt":{"rendered":"<p>Z uwagi na wieloletnia praktyk\u0119 i kontakt z klientami , kt\u00f3rzy cz\u0119sto nie potrafi\u0105 odnale\u017a\u0107 si\u0119 w nowej sytuacji wymagaj\u0105cej pomocy prawnika ( np. rozw\u00f3d, utrata najbli\u017cszego, wypadek, problemy w pracy itp.) jako kancelaria zapewniamy tak\u017ce opiek\u0119 i opini\u0119 psychologa . +48 602 223 430 Kancelariamabo@gmail.com My jeste\u015bmy po twojej stronie Psycholog zajmuje si\u0119 stawianiem &hellip; <a href=\"https:\/\/kancelariamabo.pl\/?page_id=101\" class=\"more-link\">Continue reading<span class=\"screen-reader-text\"> &#8222;Psycholog&#8221;<\/span><\/a><\/p>\n","protected":false},"author":3,"featured_media":0,"parent":0,"menu_order":0,"comment_status":"closed","ping_status":"closed","template":"","meta":{"footnotes":""},"class_list":["post-101","page","type-page","status-publish","hentry"],"yoast_head":"<!-- This site is optimized with the Yoast SEO plugin v21.8.1 - https:\/\/yoast.com\/wordpress\/plugins\/seo\/ -->\n<title>Psycholog - Kancelaria Mabo<\/title>\n<meta name=\"robots\" content=\"index, follow, max-snippet:-1, max-image-preview:large, max-video-preview:-1\" \/>\n<link rel=\"canonical\" href=\"https:\/\/kancelariamabo.pl\/?page_id=101\" \/>\n<meta property=\"og:locale\" content=\"pl_PL\" \/>\n<meta property=\"og:type\" content=\"article\" \/>\n<meta property=\"og:title\" content=\"Psycholog - Kancelaria Mabo\" \/>\n<meta property=\"og:description\" content=\"Z uwagi na wieloletnia praktyk\u0119 i kontakt z klientami , kt\u00f3rzy cz\u0119sto nie potrafi\u0105 odnale\u017a\u0107 si\u0119 w nowej sytuacji wymagaj\u0105cej pomocy prawnika ( np. rozw\u00f3d, utrata najbli\u017cszego, wypadek, problemy w pracy itp.) jako kancelaria zapewniamy tak\u017ce opiek\u0119 i opini\u0119 psychologa . +48 602 223 430 Kancelariamabo@gmail.com My jeste\u015bmy po twojej stronie Psycholog zajmuje si\u0119 stawianiem &hellip; Continue reading &quot;Psycholog&quot;\" \/>\n<meta property=\"og:url\" content=\"https:\/\/kancelariamabo.pl\/?page_id=101\" \/>\n<meta property=\"og:site_name\" content=\"Kancelaria Mabo\" \/>\n<meta property=\"article:modified_time\" content=\"2024-01-24T17:11:47+00:00\" \/>\n<meta name=\"twitter:card\" content=\"summary_large_image\" \/>\n<meta name=\"twitter:label1\" content=\"Szacowany czas czytania\" \/>\n\t<meta name=\"twitter:data1\" content=\"2 minuty\" \/>\n<script type=\"application\/ld+json\" class=\"yoast-schema-graph\">{\"@context\":\"https:\/\/schema.org\",\"@graph\":[{\"@type\":\"WebPage\",\"@id\":\"https:\/\/kancelariamabo.pl\/?page_id=101\",\"url\":\"https:\/\/kancelariamabo.pl\/?page_id=101\",\"name\":\"Psycholog - Kancelaria Mabo\",\"isPartOf\":{\"@id\":\"https:\/\/kancelariamabo.pl\/#website\"},\"datePublished\":\"2023-10-30T10:05:28+00:00\",\"dateModified\":\"2024-01-24T17:11:47+00:00\",\"breadcrumb\":{\"@id\":\"https:\/\/kancelariamabo.pl\/?page_id=101#breadcrumb\"},\"inLanguage\":\"pl-PL\",\"potentialAction\":[{\"@type\":\"ReadAction\",\"target\":[\"https:\/\/kancelariamabo.pl\/?page_id=101\"]}]},{\"@type\":\"BreadcrumbList\",\"@id\":\"https:\/\/kancelariamabo.pl\/?page_id=101#breadcrumb\",\"itemListElement\":[{\"@type\":\"ListItem\",\"position\":1,\"name\":\"Home\",\"item\":\"https:\/\/kancelariamabo.pl\/\"},{\"@type\":\"ListItem\",\"position\":2,\"name\":\"Psycholog\"}]},{\"@type\":\"WebSite\",\"@id\":\"https:\/\/kancelariamabo.pl\/#website\",\"url\":\"https:\/\/kancelariamabo.pl\/\",\"name\":\"Kancelaria Mabo\",\"description\":\"\",\"potentialAction\":[{\"@type\":\"SearchAction\",\"target\":{\"@type\":\"EntryPoint\",\"urlTemplate\":\"https:\/\/kancelariamabo.pl\/?s={search_term_string}\"},\"query-input\":\"required name=search_term_string\"}],\"inLanguage\":\"pl-PL\"}]}<\/script>\n<!-- \/ Yoast SEO plugin. -->","yoast_head_json":{"title":"Psycholog - Kancelaria Mabo","robots":{"index":"index","follow":"follow","max-snippet":"max-snippet:-1","max-image-preview":"max-image-preview:large","max-video-preview":"max-video-preview:-1"},"canonical":"https:\/\/kancelariamabo.pl\/?page_id=101","og_locale":"pl_PL","og_type":"article","og_title":"Psycholog - Kancelaria Mabo","og_description":"Z uwagi na wieloletnia praktyk\u0119 i kontakt z klientami , kt\u00f3rzy cz\u0119sto nie potrafi\u0105 odnale\u017a\u0107 si\u0119 w nowej sytuacji wymagaj\u0105cej pomocy prawnika ( np. rozw\u00f3d, utrata najbli\u017cszego, wypadek, problemy w pracy itp.) jako kancelaria zapewniamy tak\u017ce opiek\u0119 i opini\u0119 psychologa . +48 602 223 430 Kancelariamabo@gmail.com My jeste\u015bmy po twojej stronie Psycholog zajmuje si\u0119 stawianiem &hellip; Continue reading \"Psycholog\"","og_url":"https:\/\/kancelariamabo.pl\/?page_id=101","og_site_name":"Kancelaria Mabo","article_modified_time":"2024-01-24T17:11:47+00:00","twitter_card":"summary_large_image","twitter_misc":{"Szacowany czas czytania":"2 minuty"},"schema":{"@context":"https:\/\/schema.org","@graph":[{"@type":"WebPage","@id":"https:\/\/kancelariamabo.pl\/?page_id=101","url":"https:\/\/kancelariamabo.pl\/?page_id=101","name":"Psycholog - Kancelaria Mabo","isPartOf":{"@id":"https:\/\/kancelariamabo.pl\/#website"},"datePublished":"2023-10-30T10:05:28+00:00","dateModified":"2024-01-24T17:11:47+00:00","breadcrumb":{"@id":"https:\/\/kancelariamabo.pl\/?page_id=101#breadcrumb"},"inLanguage":"pl-PL","potentialAction":[{"@type":"ReadAction","target":["https:\/\/kancelariamabo.pl\/?page_id=101"]}]},{"@type":"BreadcrumbList","@id":"https:\/\/kancelariamabo.pl\/?page_id=101#breadcrumb","itemListElement":[{"@type":"ListItem","position":1,"name":"Home","item":"https:\/\/kancelariamabo.pl\/"},{"@type":"ListItem","position":2,"name":"Psycholog"}]},{"@type":"WebSite","@id":"https:\/\/kancelariamabo.pl\/#website","url":"https:\/\/kancelariamabo.pl\/","name":"Kancelaria Mabo","description":"","potentialAction":[{"@type":"SearchAction","target":{"@type":"EntryPoint","urlTemplate":"https:\/\/kancelariamabo.pl\/?s={search_term_string}"},"query-input":"required name=search_term_string"}],"inLanguage":"pl-PL"}]}},"_links":{"self":[{"href":"https:\/\/kancelariamabo.pl\/index.php?rest_route=\/wp\/v2\/pages\/101","targetHints":{"allow":["GET"]}}],"collection":[{"href":"https:\/\/kancelariamabo.pl\/index.php?rest_route=\/wp\/v2\/pages"}],"about":[{"href":"https:\/\/kancelariamabo.pl\/index.php?rest_route=\/wp\/v2\/types\/page"}],"author":[{"embeddable":true,"href":"https:\/\/kancelariamabo.pl\/index.php?rest_route=\/wp\/v2\/users\/3"}],"replies":[{"embeddable":true,"href":"https:\/\/kancelariamabo.pl\/index.php?rest_route=%2Fwp%2Fv2%2Fcomments&post=101"}],"version-history":[{"count":10,"href":"https:\/\/kancelariamabo.pl\/index.php?rest_route=\/wp\/v2\/pages\/101\/revisions"}],"predecessor-version":[{"id":161,"href":"https:\/\/kancelariamabo.pl\/index.php?rest_route=\/wp\/v2\/pages\/101\/revisions\/161"}],"wp:attachment":[{"href":"https:\/\/kancelariamabo.pl\/index.php?rest_route=%2Fwp%2Fv2%2Fmedia&parent=101"}],"curies":[{"name":"wp","href":"https:\/\/api.w.org\/{rel}","templated":true}]}}